{"id":638,"date":"2025-09-11T10:38:51","date_gmt":"2025-09-11T14:38:51","guid":{"rendered":"https:\/\/idealist.capital\/?page_id=638"},"modified":"2026-01-21T10:53:03","modified_gmt":"2026-01-21T15:53:03","slug":"portfolio","status":"publish","type":"page","link":"https:\/\/idealist.capital\/fr\/portfolio\/","title":{"rendered":"Portefeuille"},"content":{"rendered":"\n<div      class=\"pm-blocks-row overflow-hidden rounded-large p-large scroll-trigger scroll-trigger--offscreen animate--fade-in pm-blocks-hero-section\"\n          data-module=\"row\">\n    <div class=\"pm-blocks-row__inner columns-1 gap-regular\">\n\n<div      class=\"pm-blocks-column content-center\"\n          data-module=\"column\">\n    <div class=\"pm-blocks-column__inner gap-regular\">\n\n<h1  class=\"pm-blocks-text scroll-trigger scroll-trigger--offscreen animate--slide-left\"\n data-module=\"text\">Portefeuille<\/h1>\n\n\n<p  class=\"pm-blocks-text scroll-trigger scroll-trigger--offscreen animate--split-text split-text--slide-left split-lines\"\nstyle=\"max-width: 800px;\" data-module=\"text\">Chez Id\u00e9aliste Capital, notre portefeuille refl\u00e8te notre engagement \u00e0 soutenir des entrepreneurs et des entreprises innovantes qui \u0153uvrent \u00e0 acc\u00e9l\u00e9rer la transition vers une \u00e9conomie r\u00e9siliente. Chaque investissement repr\u00e9sente un partenariat solide, fond\u00e9 sur des valeurs communes, une collaboration strat\u00e9gique et une croissance \u00e0 long terme.<\/p>\n<\/div>\n\t\t\t<\/div>\n<\/div>\n\t\t\t        <div class=\"pm-blocks-row__background\">\n            <img loading=\"lazy\" decoding=\"async\" src=\"https:\/\/idealist.capital\/wp-content\/uploads\/2025\/09\/new-portfolio-background-1-scaled.webp\" width=\"2560\" height=\"705\" alt=\"\" srcset=\"https:\/\/idealist.capital\/wp-content\/uploads\/2025\/09\/new-portfolio-background-1-scaled.webp 2560w, https:\/\/idealist.capital\/wp-content\/uploads\/2025\/09\/new-portfolio-background-1-1024x282.webp 1024w, https:\/\/idealist.capital\/wp-content\/uploads\/2025\/09\/new-portfolio-background-1-768x211.webp 768w, https:\/\/idealist.capital\/wp-content\/uploads\/2025\/09\/new-portfolio-background-1-300x83.webp 300w, https:\/\/idealist.capital\/wp-content\/uploads\/2025\/09\/new-portfolio-background-1-150x150.webp 150w\" sizes=\"(max-width: 2560w) 100vw, 2560px\" title=\"\">\n        <\/div>\n\t\t<\/div>\n\n\n<div      class=\"pm-blocks-row pt-small\"\n          data-module=\"row\">\n    <div class=\"pm-blocks-row__inner columns-1 gap-regular\">\n\n<div      class=\"pm-blocks-column\"\n          data-module=\"column\">\n    <div class=\"pm-blocks-column__inner gap-regular\">\n\n<div      class=\"pm-blocks-portfolio\"\n          data-module=\"portfolio\">\n    <div class=\"pm-blocks-portfolio__inner animation-stagger\">\n\t\t                <div class=\"pm-blocks-portfolio__item scroll-trigger scroll-trigger--offscreen animate--slide-up\"\n                     data-company-id=\"1211\">\n                    <img loading=\"lazy\" decoding=\"async\" src=\"https:\/\/idealist.capital\/wp-content\/uploads\/2026\/03\/Slugen-Global-1.webp\" width=\"400\" height=\"400\" alt=\"Solugen Global\" class=\"pm-blocks-portfolio__image\" title=\"\">\n                <\/div>\n\t\t\t                <div class=\"pm-blocks-portfolio__item scroll-trigger scroll-trigger--offscreen animate--slide-up\"\n                     data-company-id=\"1192\">\n                    <img loading=\"lazy\" decoding=\"async\" src=\"https:\/\/idealist.capital\/wp-content\/uploads\/2020\/02\/Labsurface-copie.webp\" width=\"400\" height=\"400\" alt=\"Labsurface\" class=\"pm-blocks-portfolio__image\" title=\"\">\n                <\/div>\n\t\t\t                <div class=\"pm-blocks-portfolio__item scroll-trigger scroll-trigger--offscreen animate--slide-up\"\n                     data-company-id=\"1010\">\n                    <img loading=\"lazy\" decoding=\"async\" src=\"https:\/\/idealist.capital\/wp-content\/uploads\/2026\/01\/DP-LOGO-copie-1.webp\" width=\"400\" height=\"400\" alt=\"Disruptive Packaging\" class=\"pm-blocks-portfolio__image\" title=\"\">\n                <\/div>\n\t\t\t                <div class=\"pm-blocks-portfolio__item scroll-trigger scroll-trigger--offscreen animate--slide-up\"\n                     data-company-id=\"765\">\n                    <img loading=\"lazy\" decoding=\"async\" src=\"https:\/\/idealist.capital\/wp-content\/uploads\/2025\/08\/Mechasys-Blue-Large_no-padding-copie-3.webp\" width=\"400\" height=\"400\" alt=\"Mechasys\" class=\"pm-blocks-portfolio__image\" title=\"\">\n                <\/div>\n\t\t\t                <div class=\"pm-blocks-portfolio__item scroll-trigger scroll-trigger--offscreen animate--slide-up\"\n                     data-company-id=\"774\">\n                    <img loading=\"lazy\" decoding=\"async\" src=\"https:\/\/idealist.capital\/wp-content\/uploads\/2025\/12\/Entosystem.webp\" width=\"400\" height=\"400\" alt=\"Entosystem\" class=\"pm-blocks-portfolio__image\" title=\"\">\n                <\/div>\n\t\t\t                <div class=\"pm-blocks-portfolio__item scroll-trigger scroll-trigger--offscreen animate--slide-up\"\n                     data-company-id=\"772\">\n                    <img loading=\"lazy\" decoding=\"async\" src=\"https:\/\/idealist.capital\/wp-content\/uploads\/2025\/12\/Mosaic.webp\" width=\"400\" height=\"400\" alt=\"Mosaic\" class=\"pm-blocks-portfolio__image\" title=\"\">\n                <\/div>\n\t\t\t                <div class=\"pm-blocks-portfolio__item scroll-trigger scroll-trigger--offscreen animate--slide-up\"\n                     data-company-id=\"758\">\n                    <img loading=\"lazy\" decoding=\"async\" src=\"https:\/\/idealist.capital\/wp-content\/uploads\/2024\/05\/parity-logo-copie.webp\" width=\"400\" height=\"400\" alt=\"Parity\" class=\"pm-blocks-portfolio__image\" title=\"\">\n                <\/div>\n\t\t\t                <div class=\"pm-blocks-portfolio__item scroll-trigger scroll-trigger--offscreen animate--slide-up\"\n                     data-company-id=\"773\">\n                    <img loading=\"lazy\" decoding=\"async\" src=\"https:\/\/idealist.capital\/wp-content\/uploads\/2025\/12\/DCBEL.webp\" width=\"400\" height=\"400\" alt=\"DCBEL\" class=\"pm-blocks-portfolio__image\" title=\"\">\n                <\/div>\n\t\t\t                <div class=\"pm-blocks-portfolio__item scroll-trigger scroll-trigger--offscreen animate--slide-up\"\n                     data-company-id=\"761\">\n                    <img loading=\"lazy\" decoding=\"async\" src=\"https:\/\/idealist.capital\/wp-content\/uploads\/2025\/12\/XNRGY.webp\" width=\"400\" height=\"400\" alt=\"XNRGY\" class=\"pm-blocks-portfolio__image\" title=\"\">\n                <\/div>\n\t\t\t                <div class=\"pm-blocks-portfolio__item scroll-trigger scroll-trigger--offscreen animate--slide-up\"\n                     data-company-id=\"764\">\n                    <img loading=\"lazy\" decoding=\"async\" src=\"https:\/\/idealist.capital\/wp-content\/uploads\/2025\/12\/spark.webp\" width=\"400\" height=\"400\" alt=\"Spark Microsystems\" class=\"pm-blocks-portfolio__image\" title=\"\">\n                <\/div>\n\t\t\t                <div class=\"pm-blocks-portfolio__item scroll-trigger scroll-trigger--offscreen animate--slide-up\"\n                     data-company-id=\"912\">\n                    <img loading=\"lazy\" decoding=\"async\" src=\"https:\/\/idealist.capital\/wp-content\/uploads\/2025\/12\/Sollum.webp\" width=\"400\" height=\"400\" alt=\"Sollum\" class=\"pm-blocks-portfolio__image\" title=\"\">\n                <\/div>\n\t\t\t    <\/div>\n<\/div>\n<\/div>\n\t\t\t<\/div>\n<\/div>\n\t\t\t\t<\/div>","protected":false},"excerpt":{"rendered":"","protected":false},"author":1,"featured_media":0,"parent":0,"menu_order":0,"comment_status":"closed","ping_status":"closed","template":"","meta":{"_acf_changed":false,"footnotes":""},"class_list":["post-638","page","type-page","status-publish","hentry"],"acf":[],"_links":{"self":[{"href":"https:\/\/idealist.capital\/fr\/wp-json\/wp\/v2\/pages\/638","targetHints":{"allow":["GET"]}}],"collection":[{"href":"https:\/\/idealist.capital\/fr\/wp-json\/wp\/v2\/pages"}],"about":[{"href":"https:\/\/idealist.capital\/fr\/wp-json\/wp\/v2\/types\/page"}],"author":[{"embeddable":true,"href":"https:\/\/idealist.capital\/fr\/wp-json\/wp\/v2\/users\/1"}],"replies":[{"embeddable":true,"href":"https:\/\/idealist.capital\/fr\/wp-json\/wp\/v2\/comments?post=638"}],"version-history":[{"count":0,"href":"https:\/\/idealist.capital\/fr\/wp-json\/wp\/v2\/pages\/638\/revisions"}],"wp:attachment":[{"href":"https:\/\/idealist.capital\/fr\/wp-json\/wp\/v2\/media?parent=638"}],"curies":[{"name":"wp","href":"https:\/\/api.w.org\/{rel}","templated":true}]}}