{"id":634,"date":"2025-09-11T10:40:58","date_gmt":"2025-09-11T14:40:58","guid":{"rendered":"https:\/\/idealist.capital\/?page_id=634"},"modified":"2026-01-12T20:04:40","modified_gmt":"2026-01-13T01:04:40","slug":"notre-firme","status":"publish","type":"page","link":"https:\/\/idealist.capital\/fr\/notre-firme\/","title":{"rendered":"Notre firme"},"content":{"rendered":"\n<div      class=\"pm-blocks-row overflow-hidden rounded-large p-large scroll-trigger scroll-trigger--offscreen animate--fade-in pm-blocks-hero-section --firm\"\n          data-module=\"row\">\n    <div class=\"pm-blocks-row__inner columns-1 gap-regular\">\n\n<div      class=\"pm-blocks-column content-center\"\n          data-module=\"column\">\n    <div class=\"pm-blocks-column__inner gap-regular\">\n\n<h1  class=\"pm-blocks-text scroll-trigger scroll-trigger--offscreen animate--slide-left\"\n data-module=\"text\">Notre firme<\/h1>\n\n\n<p  class=\"pm-blocks-text text-x-large scroll-trigger scroll-trigger--offscreen animate--split-text split-text--slide-left split-lines\"\nstyle=\"max-width: 600px;\" data-module=\"text\">Id\u00e9aliste Capital donne aux acteurs du changement les moyens de r\u00e9aliser leurs ambitions, en investissant dans des entreprises qui fa\u00e7onnent l\u2019\u00e9conomie r\u00e9siliente de demain.<\/p>\n<\/div>\n\t\t\t<\/div>\n<\/div>\n\t\t\t        <div class=\"pm-blocks-row__background\">\n            <img loading=\"lazy\" decoding=\"async\" src=\"https:\/\/idealist.capital\/wp-content\/uploads\/2025\/09\/new-firm-background-1-scaled.webp\" width=\"2560\" height=\"705\" alt=\"\" srcset=\"https:\/\/idealist.capital\/wp-content\/uploads\/2025\/09\/new-firm-background-1-scaled.webp 2560w, https:\/\/idealist.capital\/wp-content\/uploads\/2025\/09\/new-firm-background-1-1024x282.webp 1024w, https:\/\/idealist.capital\/wp-content\/uploads\/2025\/09\/new-firm-background-1-768x211.webp 768w, https:\/\/idealist.capital\/wp-content\/uploads\/2025\/09\/new-firm-background-1-300x83.webp 300w, https:\/\/idealist.capital\/wp-content\/uploads\/2025\/09\/new-firm-background-1-150x150.webp 150w\" sizes=\"(max-width: 2560w) 100vw, 2560px\" title=\"\">\n        <\/div>\n\t\t<\/div>\n\n\n<div      class=\"pm-blocks-row pt-small pm-blocks-sticky-container\"\n          data-module=\"row\">\n    <div class=\"pm-blocks-row__inner columns-1 gap-regular\">\n\n<div      class=\"pm-blocks-column\"\n          data-module=\"column\">\n    <div class=\"pm-blocks-column__inner gap-regular\">\n\n<div      class=\"pm-blocks-row background-primary-color overflow-hidden rounded-large p-large pm-blocks-sticky-scroll --apercu\"\n          data-module=\"row\">\n    <div class=\"pm-blocks-row__inner columns-2 gap-regular\">\n\n<div      class=\"pm-blocks-column content-center\"\n          data-module=\"column\">\n    <div class=\"pm-blocks-column__inner gap-regular\">\n\n<h2  class=\"pm-blocks-text text-extra-color-2 scroll-trigger scroll-trigger--offscreen animate--slide-left\"\n data-module=\"text\">Aper\u00e7u de l&rsquo;entreprise<\/h2>\n\n\n<p  class=\"pm-blocks-text text-extra-color-2 scroll-trigger scroll-trigger--offscreen animate--split-text split-text--slide-left split-lines\"\n data-module=\"text\">Id\u00e9aliste Capital est n\u00e9e de la conviction que relever les d\u00e9fis les plus pressants de la soci\u00e9t\u00e9 par l\u2019innovation peut g\u00e9n\u00e9rer une valeur durable et sup\u00e9rieure. Nous investissons dans des entreprises qui b\u00e2tissent les fondations de notre \u00e9conomie\u2014en les aidant \u00e0 d\u00e9ployer \u00e0 grande \u00e9chelle des solutions \u00e9prouv\u00e9es pour en faire des leaders de leur secteur.<\/p>\n\n\n<p  class=\"pm-blocks-text text-extra-color-2 scroll-trigger scroll-trigger--offscreen animate--split-text split-text--slide-left split-lines\"\n data-module=\"text\">Au-del\u00e0 du capital, nous construisons de v\u00e9ritables partenariats: nous accompagnons les entrepreneurs par un appui strat\u00e9gique et une expertise op\u00e9rationnelle, tout en leur laissant l\u2019autonomie et l\u2019espace n\u00e9cessaires pour diriger.<\/p>\n<\/div>\n\t\t\t<\/div>\n\n\n<div      class=\"pm-blocks-column content-center\"\n          data-module=\"column\">\n    <div class=\"pm-blocks-column__inner gap-regular\">\n\n\t        <figure                 class=\"pm-blocks-image aligncenter scroll-trigger scroll-trigger--offscreen animate--grow pm-blocks-sticky-scroll__icon\"\n\t\t        style=\"max-width: 250px;\"                data-module=\"image\">\n            <img decoding=\"async\" src=\"https:\/\/idealist.capital\/wp-content\/uploads\/2025\/09\/overview.svg\" alt=\"Firm overview\" title=\"\">\n        <\/figure>\n\t\n\n<\/div>\n\t\t\t<\/div>\n<\/div>\n\t\t\t\t<\/div>\n\n\n<div      class=\"pm-blocks-row overflow-hidden rounded-large p-large pm-blocks-sticky-scroll --mission\"\n     style=\"background: linear-gradient(0deg, rgb(0,121,133), rgb(0,121,133));\"     data-module=\"row\">\n    <div class=\"pm-blocks-row__inner columns-2 gap-regular\">\n\n<div      class=\"pm-blocks-column content-center\"\n          data-module=\"column\">\n    <div class=\"pm-blocks-column__inner gap-regular\">\n\n<h2  class=\"pm-blocks-text text-extra-color-2 scroll-trigger scroll-trigger--offscreen animate--slide-left\"\n data-module=\"text\">Notre mission<\/h2>\n\n\n<p  class=\"pm-blocks-text text-extra-color-2 scroll-trigger scroll-trigger--offscreen animate--split-text split-text--slide-left split-lines\"\n data-module=\"text\">Soutenir les acteurs du changement par le capital et le partenariat afin de g\u00e9n\u00e9rer des rendements solides et favoriser la transition vers une \u00e9conomie r\u00e9siliente.<\/p>\n<\/div>\n\t\t\t<\/div>\n\n\n<div      class=\"pm-blocks-column content-center\"\n          data-module=\"column\">\n    <div class=\"pm-blocks-column__inner gap-regular\">\n\n\t        <figure                 class=\"pm-blocks-image aligncenter scroll-trigger scroll-trigger--offscreen animate--grow pm-blocks-sticky-scroll__icon\"\n\t\t        style=\"max-width: 250px;\"                data-module=\"image\">\n            <img decoding=\"async\" src=\"https:\/\/idealist.capital\/wp-content\/uploads\/2025\/09\/mission.svg\" alt=\"Our mission\" title=\"\">\n        <\/figure>\n\t\n\n<\/div>\n\t\t\t<\/div>\n<\/div>\n\t\t\t\t<\/div>\n<\/div>\n\t\t\t<\/div>\n<\/div>\n\t\t\t\t<\/div>","protected":false},"excerpt":{"rendered":"","protected":false},"author":1,"featured_media":0,"parent":0,"menu_order":0,"comment_status":"closed","ping_status":"closed","template":"","meta":{"_acf_changed":false,"footnotes":""},"class_list":["post-634","page","type-page","status-publish","hentry"],"acf":[],"_links":{"self":[{"href":"https:\/\/idealist.capital\/fr\/wp-json\/wp\/v2\/pages\/634","targetHints":{"allow":["GET"]}}],"collection":[{"href":"https:\/\/idealist.capital\/fr\/wp-json\/wp\/v2\/pages"}],"about":[{"href":"https:\/\/idealist.capital\/fr\/wp-json\/wp\/v2\/types\/page"}],"author":[{"embeddable":true,"href":"https:\/\/idealist.capital\/fr\/wp-json\/wp\/v2\/users\/1"}],"replies":[{"embeddable":true,"href":"https:\/\/idealist.capital\/fr\/wp-json\/wp\/v2\/comments?post=634"}],"version-history":[{"count":0,"href":"https:\/\/idealist.capital\/fr\/wp-json\/wp\/v2\/pages\/634\/revisions"}],"wp:attachment":[{"href":"https:\/\/idealist.capital\/fr\/wp-json\/wp\/v2\/media?parent=634"}],"curies":[{"name":"wp","href":"https:\/\/api.w.org\/{rel}","templated":true}]}}