{"id":612,"date":"2025-09-11T10:38:42","date_gmt":"2025-09-11T14:38:42","guid":{"rendered":"https:\/\/idealist.capital\/?page_id=612"},"modified":"2026-03-03T10:17:59","modified_gmt":"2026-03-03T15:17:59","slug":"accueil","status":"publish","type":"page","link":"https:\/\/idealist.capital\/fr\/","title":{"rendered":"Accueil"},"content":{"rendered":"\n<div      class=\"pm-blocks-row background-extra-color-1 rounded-large p-large scroll-trigger scroll-trigger--offscreen animate--fade-in pm-blocks-home-hero\"\n          data-module=\"row\">\n    <div class=\"pm-blocks-row__inner columns-1 gap-regular\">\n\n<div      class=\"pm-blocks-column content-center\"\n          data-module=\"column\">\n    <div class=\"pm-blocks-column__inner gap-regular\">\n\n<div      class=\"pm-blocks-row rounded-regular p-regular pm-blocks-home-hero__overlay\"\n     style=\"background: linear-gradient(0deg, rgba(255,255,255,0.7), rgba(255,255,255,0.7));\"     data-module=\"row\">\n    <div class=\"pm-blocks-row__inner columns-1 gap-regular\">\n\n<div      class=\"pm-blocks-column\"\n          data-module=\"column\">\n    <div class=\"pm-blocks-column__inner gap-regular\">\n\n<h1  class=\"pm-blocks-text scroll-trigger scroll-trigger--offscreen animate--slide-left\"\n data-module=\"text\">Valoriser les agents de changement<\/h1>\n\n\n<p  class=\"pm-blocks-text text-large scroll-trigger scroll-trigger--offscreen animate--split-text split-text--slide-left split-lines\"\nstyle=\"max-width: 650px;\" data-module=\"text\">Id\u00e9aliste Capital est un gestionnaire d\u2019actifs ax\u00e9 sur la croissance, engag\u00e9 \u00e0 b\u00e2tir un meilleur avenir. Nous investissons dans les soci\u00e9t\u00e9s et collaborons avec des entrepreneurs qui transforment leurs industries gr\u00e2ce \u00e0 l\u2019innovation\u2014en acc\u00e9l\u00e9rant la transition vers une \u00e9conomie r\u00e9siliente, en am\u00e9liorant l\u2019efficacit\u00e9 et en r\u00e9duisant le gaspillage.<\/p>\n<\/div>\n\t\t\t<\/div>\n<\/div>\n\t\t\t\t<\/div>\n<\/div>\n\t\t\t<\/div>\n<\/div>\n\t\t\t\t        <div class=\"pm-blocks-row__background\">\n            <video playsinline=\"\" muted=\"\" loop=\"\" preload=\"metadata\"\n\t\t\t       poster=\"https:\/\/idealist.capital\/wp-content\/uploads\/2025\/09\/hero-background-video-poster-1.webp\"                   src=\"https:\/\/idealist.capital\/wp-content\/uploads\/2025\/09\/hero-background-video-1.webm\"\n                   autoplay=\"\"><\/video>\n        <\/div>\n\t<\/div>\n\n\n<div      class=\"pm-blocks-row background-primary-color overflow-hidden rounded-large mt-small scroll-trigger scroll-trigger--offscreen animate--fade-in pm-blocks-home-firm\"\n          data-module=\"row\">\n    <div class=\"pm-blocks-row__inner columns-2\">\n\n<div      class=\"pm-blocks-column\"\n          data-module=\"column\">\n    <div class=\"pm-blocks-column__inner gap-regular\">\n\n\t        <figure                 class=\"pm-blocks-image aspect-standard scroll-trigger scroll-trigger--offscreen animate--image-zoom-out\"\n\t\t                        data-module=\"image\">\n            <img loading=\"lazy\" decoding=\"async\" src=\"https:\/\/idealist.capital\/wp-content\/uploads\/2025\/11\/idealiste-terre-1.webp\" width=\"1536\" height=\"1024\" alt=\"Idealist Capital - Growth-focused investment firm\" srcset=\"https:\/\/idealist.capital\/wp-content\/uploads\/2025\/11\/idealiste-terre-1.webp 1536w, https:\/\/idealist.capital\/wp-content\/uploads\/2025\/11\/idealiste-terre-1-1024x683.webp 1024w, https:\/\/idealist.capital\/wp-content\/uploads\/2025\/11\/idealiste-terre-1-768x512.webp 768w, https:\/\/idealist.capital\/wp-content\/uploads\/2025\/11\/idealiste-terre-1-300x200.webp 300w, https:\/\/idealist.capital\/wp-content\/uploads\/2025\/11\/idealiste-terre-1-150x150.webp 150w\" sizes=\"(max-width: 1536px) 100vw, 1536px\" title=\"\">\n        <\/figure>\n\t\n\n<\/div>\n\t\t\t<\/div>\n\n\n<div      class=\"pm-blocks-column content-center p-large pm-blocks-home-firm__details\"\n          data-module=\"column\">\n    <div class=\"pm-blocks-column__inner gap-regular\">\n\n<h2  class=\"pm-blocks-text text-extra-color-2 text-right scroll-trigger scroll-trigger--offscreen animate--slide-right\"\n data-module=\"text\">Notre firme<\/h2>\n\n\n<span  class=\"pm-blocks-text text-extra-color-2 text-right scroll-trigger scroll-trigger--offscreen animate--split-text split-text--slide-right split-lines\"\n data-module=\"text\">Investisseurs \u00e0 forte conviction.<\/span>\n\n\n<span  class=\"pm-blocks-text text-extra-color-2 text-right scroll-trigger scroll-trigger--offscreen animate--split-text split-text--slide-right split-lines\"\n data-module=\"text\">Partenaires entrepreneuriaux.<\/span>\n\n\n<span  class=\"pm-blocks-text text-extra-color-2 text-right mb-x-small scroll-trigger scroll-trigger--offscreen animate--split-text split-text--slide-right split-lines\"\n data-module=\"text\">R\u00e9sultats \u00e9prouv\u00e9s.<\/span>\n\n\n<div      class=\"pm-blocks-row\"\n          data-module=\"row\">\n    <div class=\"pm-blocks-row__inner columns-1 gap-regular\">\n\n<div      class=\"pm-blocks-column justify-items-flex-end\"\n          data-module=\"column\">\n    <div class=\"pm-blocks-column__inner flex mb-flex-column gap-x-small\">\n\n<a    href=\"https:\/\/idealist.capital\/fr\/equipe\/\"   target=\"_self\"\n      class=\"pm-blocks-button --primary --text-reveal scroll-trigger scroll-trigger--offscreen animate--fade-in\"\n      aria-label=\"Rencontrer l&#039;\u00e9quipe\" data-module=\"button\">\n\t        <span class=\"pm-blocks-button__icon\">\n\t\t\t                <svg xmlns=\"http:\/\/www.w3.org\/2000\/svg\" width=\"19.499\" height=\"15.502\" viewBox=\"0 0 19.499 15.502\">\n                    <path d=\"M21.692,12.287a.748.748,0,0,1-.162.244l-7,7a.75.75,0,1,1-1.06-1.061l5.72-5.72H3a.75.75,0,0,1,0-1.5H19.189l-5.72-5.72A.75.75,0,0,1,14.53,4.469l7,7a.754.754,0,0,1,.162.818Z\"\n                          transform=\"translate(-2.25 -4.249)\" fill=\"currentColor\"\/>\n                <\/svg>\n\t\t\t        <\/span>\n\t    <span class=\"pm-blocks-button__label\"\n          title=\"Rencontrer l&#039;\u00e9quipe\">Rencontrer l&#039;\u00e9quipe<\/span>\n    <span class=\"pm-blocks-button__bg\"><\/span>\n<\/a>\n\n\n<a    href=\"https:\/\/idealist.capital\/fr\/notre-firme\/\"   target=\"_self\"\n      class=\"pm-blocks-button --primary --text-reveal scroll-trigger scroll-trigger--offscreen animate--fade-in\"\n      aria-label=\"\u00c0 propos de la firme\" data-module=\"button\">\n\t        <span class=\"pm-blocks-button__icon\">\n\t\t\t                <svg xmlns=\"http:\/\/www.w3.org\/2000\/svg\" width=\"19.499\" height=\"15.502\" viewBox=\"0 0 19.499 15.502\">\n                    <path d=\"M21.692,12.287a.748.748,0,0,1-.162.244l-7,7a.75.75,0,1,1-1.06-1.061l5.72-5.72H3a.75.75,0,0,1,0-1.5H19.189l-5.72-5.72A.75.75,0,0,1,14.53,4.469l7,7a.754.754,0,0,1,.162.818Z\"\n                          transform=\"translate(-2.25 -4.249)\" fill=\"currentColor\"\/>\n                <\/svg>\n\t\t\t        <\/span>\n\t    <span class=\"pm-blocks-button__label\"\n          title=\"\u00c0 propos de la firme\">\u00c0 propos de la firme<\/span>\n    <span class=\"pm-blocks-button__bg\"><\/span>\n<\/a>\n<\/div>\n\t\t\t<\/div>\n<\/div>\n\t\t\t\t<\/div>\n<\/div>\n\t\t\t<\/div>\n<\/div>\n\t\t\t\t<\/div>\n\n\n<div      class=\"pm-blocks-row alignfull mt-small mb-small pm-blocks-our-approach scroll-trigger scroll-trigger--offscreen\"\n          data-module=\"row\">\n    <div class=\"pm-blocks-row__inner container columns-2\">\n\n<div      class=\"pm-blocks-column content-center order-2 p-large\"\n          data-module=\"column\">\n    <div class=\"pm-blocks-column__inner gap-regular\">\n\n<h2  class=\"pm-blocks-text scroll-trigger scroll-trigger--offscreen animate--slide-left\"\n data-module=\"text\">Notre approche<\/h2>\n\n\n<p  class=\"pm-blocks-text mb-small scroll-trigger scroll-trigger--offscreen animate--split-text split-text--slide-left split-lines\"\n data-module=\"text\">D\u00e9couvrez notre strat\u00e9gie, nos valeurs et nos priorit\u00e9s.<\/p>\n\n\n<a    href=\"https:\/\/idealist.capital\/fr\/notre-approche\/\"   target=\"_self\"\n      class=\"pm-blocks-button --secondary --text-reveal scroll-trigger scroll-trigger--offscreen animate--fade-in\"\n      aria-label=\"En savoir plus\" data-module=\"button\">\n\t        <span class=\"pm-blocks-button__icon\">\n\t\t\t                <svg xmlns=\"http:\/\/www.w3.org\/2000\/svg\" width=\"19.499\" height=\"15.502\" viewBox=\"0 0 19.499 15.502\">\n                    <path d=\"M21.692,12.287a.748.748,0,0,1-.162.244l-7,7a.75.75,0,1,1-1.06-1.061l5.72-5.72H3a.75.75,0,0,1,0-1.5H19.189l-5.72-5.72A.75.75,0,0,1,14.53,4.469l7,7a.754.754,0,0,1,.162.818Z\"\n                          transform=\"translate(-2.25 -4.249)\" fill=\"currentColor\"\/>\n                <\/svg>\n\t\t\t        <\/span>\n\t    <span class=\"pm-blocks-button__label\"\n          title=\"En savoir plus\">En savoir plus<\/span>\n    <span class=\"pm-blocks-button__bg\"><\/span>\n<\/a>\n<\/div>\n\t\t\t<\/div>\n\n\n<div      class=\"pm-blocks-column order-1\"\n          data-module=\"column\">\n    <div class=\"pm-blocks-column__inner gap-regular\">\n\n\t        <figure                 class=\"pm-blocks-image aspect-standard rounded-large scroll-trigger scroll-trigger--offscreen animate--image-zoom-out\"\n\t\t                        data-module=\"image\">\n            <img loading=\"lazy\" decoding=\"async\" src=\"https:\/\/idealist.capital\/wp-content\/uploads\/2026\/01\/idealist-approche-copie-2.webp\" width=\"1248\" height=\"832\" alt=\"Idealist Capital - Discover our approach\" srcset=\"https:\/\/idealist.capital\/wp-content\/uploads\/2026\/01\/idealist-approche-copie-2.webp 1248w, https:\/\/idealist.capital\/wp-content\/uploads\/2026\/01\/idealist-approche-copie-2-1024x683.webp 1024w, https:\/\/idealist.capital\/wp-content\/uploads\/2026\/01\/idealist-approche-copie-2-768x512.webp 768w, https:\/\/idealist.capital\/wp-content\/uploads\/2026\/01\/idealist-approche-copie-2-300x200.webp 300w, https:\/\/idealist.capital\/wp-content\/uploads\/2026\/01\/idealist-approche-copie-2-150x150.webp 150w\" sizes=\"(max-width: 1248px) 100vw, 1248px\" title=\"\">\n        <\/figure>\n\t\n\n<\/div>\n\t\t\t<\/div>\n<\/div>\n\t\t\t\t<\/div>\n\n\n<div      class=\"pm-blocks-row overflow-hidden rounded-large scroll-trigger scroll-trigger--offscreen animate--fade-in pm-blocks-home-portfolio\"\n          data-module=\"row\">\n    <div class=\"pm-blocks-row__inner columns-2\">\n\n<div      class=\"pm-blocks-column content-center pt-large pb-large\"\n          data-module=\"column\">\n    <div class=\"pm-blocks-column__inner gap-regular\">\n\n\t        <figure                 class=\"pm-blocks-image aligncenter scroll-trigger scroll-trigger--offscreen animate--grow pm-blocks-co2-icon\"\n\t\t        style=\"max-width: 250px;\"                data-module=\"image\">\n            <img decoding=\"async\" src=\"https:\/\/idealist.capital\/wp-content\/uploads\/2025\/11\/arrow-1.svg\" alt=\"Idealist Capital - Investment firm providing capital to entrepreneurs across North America\" title=\"\">\n        <\/figure>\n\t\n\n<\/div>\n\t\t\t<\/div>\n\n\n<div      class=\"pm-blocks-column content-center p-large\"\n          data-module=\"column\">\n    <div class=\"pm-blocks-column__inner gap-regular\">\n\n<h2  class=\"pm-blocks-text text-extra-color-2 scroll-trigger scroll-trigger--offscreen animate--slide-left\"\n data-module=\"text\">Notre portefeuille<\/h2>\n\n\n<p  class=\"pm-blocks-text text-extra-color-2 mb-small scroll-trigger scroll-trigger--offscreen animate--split-text split-text--slide-left split-lines\"\n data-module=\"text\">Nous investissons dans des entreprises pour d\u00e9ployer \u00e0 grande \u00e9chelle des solutions \u00e9prouv\u00e9es et \u00e9conomiques, favorisant une \u00e9conomie flexible et r\u00e9siliente.<\/p>\n\n\n<a    href=\"https:\/\/idealist.capital\/fr\/portfolio\/\"   target=\"_self\"\n      class=\"pm-blocks-button --primary --text-reveal scroll-trigger scroll-trigger--offscreen animate--fade-in\"\n      aria-label=\"Voir notre portefeuille\" data-module=\"button\">\n\t        <span class=\"pm-blocks-button__icon\">\n\t\t\t                <svg xmlns=\"http:\/\/www.w3.org\/2000\/svg\" width=\"19.499\" height=\"15.502\" viewBox=\"0 0 19.499 15.502\">\n                    <path d=\"M21.692,12.287a.748.748,0,0,1-.162.244l-7,7a.75.75,0,1,1-1.06-1.061l5.72-5.72H3a.75.75,0,0,1,0-1.5H19.189l-5.72-5.72A.75.75,0,0,1,14.53,4.469l7,7a.754.754,0,0,1,.162.818Z\"\n                          transform=\"translate(-2.25 -4.249)\" fill=\"currentColor\"\/>\n                <\/svg>\n\t\t\t        <\/span>\n\t    <span class=\"pm-blocks-button__label\"\n          title=\"Voir notre portefeuille\">Voir notre portefeuille<\/span>\n    <span class=\"pm-blocks-button__bg\"><\/span>\n<\/a>\n<\/div>\n\t\t\t<\/div>\n<\/div>\n\t        <div class=\"pm-blocks-row__overlay\"\n             style=\"--overlay-color: rgba(6,37,51,0.52)\"><\/div>\n\t\t\t        <div class=\"pm-blocks-row__background\">\n            <img loading=\"lazy\" decoding=\"async\" src=\"https:\/\/idealist.capital\/wp-content\/uploads\/2025\/09\/idealist-capital-our-portfolio.webp\" width=\"1600\" height=\"1067\" alt=\"\" srcset=\"https:\/\/idealist.capital\/wp-content\/uploads\/2025\/09\/idealist-capital-our-portfolio.webp 1600w, https:\/\/idealist.capital\/wp-content\/uploads\/2025\/09\/idealist-capital-our-portfolio-1024x683.webp 1024w, https:\/\/idealist.capital\/wp-content\/uploads\/2025\/09\/idealist-capital-our-portfolio-768x512.webp 768w, https:\/\/idealist.capital\/wp-content\/uploads\/2025\/09\/idealist-capital-our-portfolio-300x200.webp 300w, https:\/\/idealist.capital\/wp-content\/uploads\/2025\/09\/idealist-capital-our-portfolio-150x150.webp 150w\" sizes=\"(max-width: 1600w) 100vw, 1600px\" title=\"\">\n        <\/div>\n\t\t<\/div>","protected":false},"excerpt":{"rendered":"","protected":false},"author":1,"featured_media":0,"parent":0,"menu_order":0,"comment_status":"closed","ping_status":"closed","template":"","meta":{"_acf_changed":false,"footnotes":""},"class_list":["post-612","page","type-page","status-publish","hentry"],"acf":[],"_links":{"self":[{"href":"https:\/\/idealist.capital\/fr\/wp-json\/wp\/v2\/pages\/612","targetHints":{"allow":["GET"]}}],"collection":[{"href":"https:\/\/idealist.capital\/fr\/wp-json\/wp\/v2\/pages"}],"about":[{"href":"https:\/\/idealist.capital\/fr\/wp-json\/wp\/v2\/types\/page"}],"author":[{"embeddable":true,"href":"https:\/\/idealist.capital\/fr\/wp-json\/wp\/v2\/users\/1"}],"replies":[{"embeddable":true,"href":"https:\/\/idealist.capital\/fr\/wp-json\/wp\/v2\/comments?post=612"}],"version-history":[{"count":0,"href":"https:\/\/idealist.capital\/fr\/wp-json\/wp\/v2\/pages\/612\/revisions"}],"wp:attachment":[{"href":"https:\/\/idealist.capital\/fr\/wp-json\/wp\/v2\/media?parent=612"}],"curies":[{"name":"wp","href":"https:\/\/api.w.org\/{rel}","templated":true}]}}